{"id":683,"date":"2020-04-22T14:26:24","date_gmt":"2020-04-22T12:26:24","guid":{"rendered":"https:\/\/www.vyvoz-do-ciny.sk\/prienik-na-cinsky-trh-z-europy\/"},"modified":"2020-08-27T20:16:02","modified_gmt":"2020-08-27T18:16:02","slug":"marktdurchdringung-von-europaeischen-unternehmen-in-china","status":"publish","type":"page","link":"https:\/\/www.vyvoz-do-ciny.sk\/de\/marktdurchdringung-von-europaeischen-unternehmen-in-china\/","title":{"rendered":"Marktdurchdringung von europ\u00e4ischen Unternehmen in China"},"content":{"rendered":"<!--themify_builder_content-->\n<div id=\"themify_builder_content-683\" data-postid=\"683\" class=\"themify_builder_content themify_builder_content-683 themify_builder tf_clear\">\n    \t\t\t\t<div  data-lazy=\"1\" class=\"module_row themify_builder_row tb_8er416 tb_first tf_w\">\n\t\t\t\t\t\t<div class=\"row_inner col_align_top tb_col_count_1 tf_box tf_rel\">\n\t\t\t\t\t\t<div  data-lazy=\"1\" class=\"module_column tb-column col-full tb_31se16 first\">\n\t\t\t\t\t<!-- module text -->\n<div  class=\"module module-text tb_g6rm61  repeat \" data-lazy=\"1\">\n\t    <div  class=\"tb_text_wrap\">\n\t\t<h1 style=\"text-align: center;\">Marktdurchdringung von europ\u00e4ischen Unternehmen in China<\/h1>\n<p style=\"text-align: center;\">Die slowakischen und tschechischen Unternehmer nehmen das Potenzial des chinesischen Marktes kaum wahr und falls sie es doch tun, wissen sie nicht wo sie anfangen sollten. Unser Unternehmen hilft die Barriere zwischen den slowakischen\/tschechischen Firmen und ihren asiatischen Gesch\u00e4ftspartnern zu beseitigen. Wir bieten unseren Kunden die gesamte Exportabwicklung von A bis Z an.<\/p>    <\/div>\n<\/div>\n<!-- \/module text -->\t\t<\/div>\n\t\t\t\t\t\t<\/div>\n\t\t<\/div>\n\t\t\t\t\t\t<div  data-css_id=\"v87i557\" data-lazy=\"1\" class=\"module_row themify_builder_row fullwidth tb_v87i557 tf_w\">\n\t\t\t\t\t\t<div class=\"row_inner gutter-none col_align_top tb_col_count_3 tf_box tf_rel\">\n\t\t\t\t\t\t<div  data-lazy=\"1\" class=\"module_column tb-column col4-1 tb_unqq558 first\">\n\t\t\t\t\t\t\t<\/div>\n\t\t\t\t\t<div  data-lazy=\"1\" class=\"module_column tb-column col4-2 tb_wwtw28\">\n\t\t\t\t\t<!-- module text -->\n<div  class=\"module module-text tb_3dlv510  repeat \" data-lazy=\"1\">\n\t    <div  class=\"tb_text_wrap\">\n\t\t<p><strong>Falls Sie sich denken, \u201edass Sie zu klein sind, um sich auf dem chinesischen Markt zu behaupten\u201c!<\/strong><\/p>\n<p><strong>\u00a0<\/strong><\/p>\n<p style=\"text-align: center;\">Das stimmt vielleicht gar nicht!<\/p>\n<p>\u00a0<\/p>\n<p>Viele europ\u00e4ische Unternehmen, darunter auch die slowakischen und tschechischen machen h\u00e4ufig den Fehler China als einen Einheitsmarkt zu betrachten.<\/p>\n<p><br \/>Der Markteintritt von europ\u00e4ischen Unternehmen erfolgt normalerweise nicht in das gesamte Gebiet Chinas, sondern nur in einen Teilmarkt davon. Aufgrund der begrenzten europ\u00e4ischen Marktgr\u00f6\u00dfen und der daraus resultierenden Einschr\u00e4nkungen der Produktionskapazit\u00e4t und Produktionsvolumens, verstehen wir die Expansion nach China nicht so, dass jeder Chinese Ihre Produkte und Ihre Marke fl\u00e4chendeckend kennen lernen sollte. Solche Vorgehensweise k\u00f6nnen sich nur Globale Player wie Apple, Starbucks oder Volkswagen leisten.<\/p>\n<p><br \/>F\u00fcr die meisten Unternehmen unserer Region reicht es aus, nur einen oder nur einige wenige Abnehmer in China zu haben, um den Absatz der f\u00fcr China bestimmter Produktion sicherzustellen. Angesichts dieser Tatsache empfehlen wir, sich auf einen Teilmarkt in China zu konzentrieren. Der Fokus auf den Gesamtmarkt Chinas ist normalerweise mit hohen finanziellen und zeitlichen Kosten f\u00fcr die Unternehmen verbunden, welche am Ende nicht die gew\u00fcnschten Ergebnisse liefern.<br \/>Es m\u00fcssen Beziehungen zu etablierten Unternehmen aufgebaut werden, die ein langfristiges Interesse am Kauf Ihrer Produkte haben. Im Rahmen unserer Zusammenarbeit werden wir die potenziellen Gesch\u00e4ftspartner f\u00fcr Sie ausw\u00e4hlen, mit ihnen kommunizieren sowie die Gesch\u00e4ftsbedingungen mit ihnen f\u00fcr Sie aushandeln.<br \/>Der Beginn der Zusammenarbeit mit chinesischen Partnern und der Export des ersten Containers garantieren Ihnen noch keinen langfristigen Erfolg auf dem chinesischen Markt. In China sind die Beziehungen zwischen Handelspartnern ein Eckpfeiler f\u00fcr ein langfristiges und profitables Business. Die Gesch\u00e4ftsbeziehungen m\u00fcssen daher kontinuierlich gepflegt werden. Gerne \u00fcbernehmen wir f\u00fcr Sie die Pflege von Kunden- und Gesch\u00e4ftsbeziehungen.<\/p>\n<p><br \/>Die Gesch\u00e4ftst\u00e4tigkeit von Unternehmen wird von mehreren Faktoren beeinflusst. Es kann vorkommen, dass der chinesische Partner seine Kaufabsichten w\u00e4hrend der Zusammenarbeit trotz der guten Gesch\u00e4ftsbeziehungen \u00e4ndert. Schlussendlich kann sich jeder f\u00fcr einen Branchenwechsel entscheiden. Wenn sich herausstellt, dass die Zusammenarbeit mit einem chinesischen Partner aus welchem Grund auch immer nicht weiter fortgesetzt werden kann, so suchen wir einen neuen Gesch\u00e4ftspartner f\u00fcr Sie aus.<\/p>\n<p><br \/>Falls Ihre Produkte oder Marken f\u00fcr Endkunden bestimmt sind (wie Lebensmittel), so empfehlen wir, die jeweilige Marke und die jeweiligen Produkte in den chinesischen sozialen Netzwerken (insbesondere WeChat und Weibo) zu werben &#8211; damit wird sichergestellt, dass die potentiellen Kunden \u00fcber Sie und Ihre Produkte aufmerksam gemacht werden. Da Ihr chinesischer Abnehmer wahrscheinlich dutzende bis tausende von Produkten von verschiedenen Lieferanten kauft, \u00fcberl\u00e4sst er Werbung und andere Werbeaktivit\u00e4ten seinen einzelnen Lieferanten.<\/p>\n<p><br \/><strong>Geben Sie uns Informationen \u00fcber Ihre Produkte \/ Ihr Produktportfolio weiter und gerne vereinbaren wir mit Ihnen einen kostenlosen Telefon- \/ Videoanruf oder ein pers\u00f6nliches Treffen. Dabei k\u00f6nnen wir Ihre Exportkapazit\u00e4ten, Ihre Erwartungen an die Expansion nach China und die Auswahl Ihrer einzuf\u00fchrenden Produkte detailliert besprechen.<\/strong><\/p>    <\/div>\n<\/div>\n<!-- \/module text -->\t\t<\/div>\n\t\t\t\t\t<div  data-lazy=\"1\" class=\"module_column tb-column col4-1 tb_ppgk29 last\">\n\t\t\t\t\t\t\t<\/div>\n\t\t\t\t\t\t<\/div>\n\t\t<\/div>\n\t\t\t\t\t\t<div  data-lazy=\"1\" class=\"module_row themify_builder_row tb_bcbw332 tf_w\">\n\t\t\t\t\t\t<div class=\"row_inner col_align_top tb_col_count_1 tf_box tf_rel\">\n\t\t\t\t\t\t<div  data-lazy=\"1\" class=\"module_column tb-column col-full tb_ogrs337 first\">\n\t\t\t\t\t<!-- module text -->\n<div  class=\"module module-text tb_60wb339  repeat \" data-lazy=\"1\">\n\t    <div  class=\"tb_text_wrap\">\n\t\t<h2 style=\"text-align: center;\"><span class=\"emoji\">\ud83d\udeab GESELLSCHAFTLICHE <\/span><span style=\"color: #da0208;\">VERANTWORTUNG <\/span><span class=\"emoji\">\ud83d\udeab<\/span><\/h2>\n<p style=\"text-align: center;\">Unser Unternehmen weigert sich, sich an Erbringung solcher Dienstleistungen zu beteiligen, welche die negative geo-politische Situation in den jeweiligen L\u00e4ndern zur illegalen Bereicherung ausnutzen<br \/>(COVID-19, Kriege, illegale T\u00e4tigkeit, usw.).<\/p>    <\/div>\n<\/div>\n<!-- \/module text -->\t\t<div  data-lazy=\"1\" class=\"module_subrow themify_builder_sub_row tf_w col_align_top tb_col_count_3 tb_k3lz341\">\n\t\t\t\t<div  data-lazy=\"1\" class=\"module_column sub_column col3-1 tb_uys0343 first\">\n\t\t\t\t\t<!-- module image -->\n<div  class=\"module module-image tb_miji344 image-center   tf_mw\" data-lazy=\"1\">\n        <div class=\"image-wrap tf_rel tf_mw\">\n\t\t    <img loading=\"lazy\" decoding=\"async\" src=\"https:\/\/www.vyvoz-do-ciny.sk\/wp-content\/uploads\/2020\/04\/dovoz-rusok-cina-100x100.png\" width=\"100\" height=\"100\" class=\"wp-post-image wp-image-794\" title=\"dovoz-rusok-cina\" alt=\"dovoz-rusok-cina\" srcset=\"https:\/\/www.vyvoz-do-ciny.sk\/wp-content\/uploads\/2020\/04\/dovoz-rusok-cina-100x100.png 100w, https:\/\/www.vyvoz-do-ciny.sk\/wp-content\/uploads\/2020\/04\/dovoz-rusok-cina-300x300.png 300w, https:\/\/www.vyvoz-do-ciny.sk\/wp-content\/uploads\/2020\/04\/dovoz-rusok-cina-150x150.png 150w, https:\/\/www.vyvoz-do-ciny.sk\/wp-content\/uploads\/2020\/04\/dovoz-rusok-cina-50x50.png 50w, https:\/\/www.vyvoz-do-ciny.sk\/wp-content\/uploads\/2020\/04\/dovoz-rusok-cina.png 400w\" sizes=\"(max-width: 100px) 100vw, 100px\" \/>\t\n\t\t<\/div>\n\t<!-- \/image-wrap -->\n    \n    \t<\/div>\n<!-- \/module image -->\t\t<\/div>\n\t\t\t\t\t<div  data-lazy=\"1\" class=\"module_column sub_column col3-1 tb_iv0y347\">\n\t\t\t\t\t<!-- module image -->\n<div  class=\"module module-image tb_phps349 image-center   tf_mw\" data-lazy=\"1\">\n        <div class=\"image-wrap tf_rel tf_mw\">\n\t\t    <img loading=\"lazy\" decoding=\"async\" src=\"https:\/\/www.vyvoz-do-ciny.sk\/wp-content\/uploads\/2020\/04\/covid-19-import-cina-100x100.png\" width=\"100\" height=\"100\" class=\"wp-post-image wp-image-792\" title=\"covid-19-import-cina\" alt=\"covid-19-import-cina\" srcset=\"https:\/\/www.vyvoz-do-ciny.sk\/wp-content\/uploads\/2020\/04\/covid-19-import-cina-100x100.png 100w, https:\/\/www.vyvoz-do-ciny.sk\/wp-content\/uploads\/2020\/04\/covid-19-import-cina-300x300.png 300w, https:\/\/www.vyvoz-do-ciny.sk\/wp-content\/uploads\/2020\/04\/covid-19-import-cina-150x150.png 150w, https:\/\/www.vyvoz-do-ciny.sk\/wp-content\/uploads\/2020\/04\/covid-19-import-cina.png 400w\" sizes=\"(max-width: 100px) 100vw, 100px\" \/>\t\n\t\t<\/div>\n\t<!-- \/image-wrap -->\n    \n    \t<\/div>\n<!-- \/module image -->\t\t<\/div>\n\t\t\t\t\t<div  data-lazy=\"1\" class=\"module_column sub_column col3-1 tb_9kac350 last\">\n\t\t\t\t\t<!-- module image -->\n<div  class=\"module module-image tb_cmxk351 image-center   tf_mw\" data-lazy=\"1\">\n        <div class=\"image-wrap tf_rel tf_mw\">\n\t\t    <img loading=\"lazy\" decoding=\"async\" src=\"https:\/\/www.vyvoz-do-ciny.sk\/wp-content\/uploads\/2020\/04\/dovol-liekov-cina-100x100.png\" width=\"100\" height=\"100\" class=\"wp-post-image wp-image-790\" title=\"dovol-liekov-cina\" alt=\"dovol-liekov-cina\" srcset=\"https:\/\/www.vyvoz-do-ciny.sk\/wp-content\/uploads\/2020\/04\/dovol-liekov-cina-100x100.png 100w, https:\/\/www.vyvoz-do-ciny.sk\/wp-content\/uploads\/2020\/04\/dovol-liekov-cina-300x300.png 300w, https:\/\/www.vyvoz-do-ciny.sk\/wp-content\/uploads\/2020\/04\/dovol-liekov-cina-150x150.png 150w, https:\/\/www.vyvoz-do-ciny.sk\/wp-content\/uploads\/2020\/04\/dovol-liekov-cina.png 400w\" sizes=\"(max-width: 100px) 100vw, 100px\" \/>\t\n\t\t<\/div>\n\t<!-- \/image-wrap -->\n    \n    \t<\/div>\n<!-- \/module image -->\t\t<\/div>\n\t\t\t\t\t<\/div>\n\t\t\t\t<\/div>\n\t\t\t\t\t\t<\/div>\n\t\t<\/div>\n\t\t\t\t\t\t<div  data-css_id=\"h1fz365\" data-lazy=\"1\" class=\"module_row themify_builder_row fullwidth_row_container tb_h1fz365 tf_w\">\n\t\t\t\t\t\t<div class=\"row_inner col_align_top tb_col_count_3 tf_box tf_rel\">\n\t\t\t\t\t\t<div  data-lazy=\"1\" class=\"module_column tb-column col3-1 tb_k34o365 first\">\n\t\t\t\t\t\t\t<div  data-lazy=\"1\" class=\"module_subrow themify_builder_sub_row tf_w gutter-none col_align_top tb_col_count_2 tb_aqti365\">\n\t\t\t\t<div  data-lazy=\"1\" class=\"module_column sub_column col3-1 tb_jhi5366 first\">\n\t\t\t\t\t<!-- module icon -->\n<div  class=\"module module-icon tb_dt0l366  xlarge none icon_horizontal tf_textl\" data-lazy=\"1\">\n\t\t\t<div class=\"module-icon-item\">\n\t\t\t\t\t\t\t<a href=\"https:\/\/www.linkedin.com\/in\/michaela-kralovicova-4b9024b0\" target=\"_blank\" rel=\"noopener\">\n\t\t\t\t\t\t\t\t\t\t\t\t\t\t\t\t\t<em class=\"tf_boxtransparent\"><svg  class=\"tf_fa tf-ti-linkedin\" aria-hidden=\"true\"><use href=\"#tf-ti-linkedin\"><\/use><\/svg><\/em>\n\t\t\t\t\t\t\t\t\t\t\t\t\t\t\t\t<\/a>\n\t\t\t\t\t<\/div>\n\t<\/div>\n<!-- \/module icon -->\n\t\t<\/div>\n\t\t\t\t\t<div  data-lazy=\"1\" class=\"module_column sub_column col3-2 tb_gu0m366 last\">\n\t\t\t\t\t<!-- module text -->\n<div  class=\"module module-text tb_gm06366  repeat \" data-lazy=\"1\">\n\t    <div  class=\"tb_text_wrap\">\n\t\t<h4 style=\"text-align: left;\"><a href=\"https:\/\/www.linkedin.com\/in\/michaela-kralovicova-4b9024b0\" target=\"_blank\" rel=\"noopener\">Michaela Kr\u00e1lovi\u010dov\u00e1<\/a><\/h4>    <\/div>\n<\/div>\n<!-- \/module text -->\t\t<\/div>\n\t\t\t\t\t<\/div>\n\t\t\t\t<\/div>\n\t\t\t\t\t<div  data-lazy=\"1\" class=\"module_column tb-column col3-1 tb_s55q367\">\n\t\t\t\t\t\t\t<div  data-lazy=\"1\" class=\"module_subrow themify_builder_sub_row tf_w gutter-none col_align_top tb_col_count_2 tb_pq9r367\">\n\t\t\t\t<div  data-lazy=\"1\" class=\"module_column sub_column col3-1 tb_fvny367 first\">\n\t\t\t\t\t<!-- module icon -->\n<div  class=\"module module-icon tb_wzv9367  xlarge none icon_horizontal tf_textl\" data-lazy=\"1\">\n\t\t\t<div class=\"module-icon-item\">\n\t\t\t\t\t\t\t\t\t\t\t\t\t\t\t\t<em class=\"tf_boxtb_default_color\"><svg  class=\"tf_fa tf-ti-headphone-alt\" aria-hidden=\"true\"><use href=\"#tf-ti-headphone-alt\"><\/use><\/svg><\/em>\n\t\t\t\t\t\t\t\t\t\t\t\t\t\t<\/div>\n\t<\/div>\n<!-- \/module icon -->\n\t\t<\/div>\n\t\t\t\t\t<div  data-lazy=\"1\" class=\"module_column sub_column col3-2 tb_tpg8367 last\">\n\t\t\t\t\t<!-- module text -->\n<div  class=\"module module-text tb_8fgq368  repeat \" data-lazy=\"1\">\n\t    <div  class=\"tb_text_wrap\">\n\t\t<h4 style=\"text-align: left;\"><a href=\"tel:00421948369124\">0948369124<\/a><\/h4>    <\/div>\n<\/div>\n<!-- \/module text -->\t\t<\/div>\n\t\t\t\t\t<\/div>\n\t\t\t\t<\/div>\n\t\t\t\t\t<div  data-lazy=\"1\" class=\"module_column tb-column col3-1 tb_2ddo368 last\">\n\t\t\t\t\t\t\t<div  data-lazy=\"1\" class=\"module_subrow themify_builder_sub_row tf_w gutter-none col_align_top tb_col_count_2 tb_sqgg368\">\n\t\t\t\t<div  data-lazy=\"1\" class=\"module_column sub_column col3-1 tb_qbfn368 first\">\n\t\t\t\t\t<!-- module icon -->\n<div  class=\"module module-icon tb_ke9s368  xlarge none icon_horizontal tf_textl\" data-lazy=\"1\">\n\t\t\t<div class=\"module-icon-item\">\n\t\t\t\t\t\t\t\t\t\t\t\t\t\t\t\t<em class=\"tf_boxtb_default_color\"><svg  class=\"tf_fa tf-ti-email\" aria-hidden=\"true\"><use href=\"#tf-ti-email\"><\/use><\/svg><\/em>\n\t\t\t\t\t\t\t\t\t\t\t\t\t\t<\/div>\n\t<\/div>\n<!-- \/module icon -->\n\t\t<\/div>\n\t\t\t\t\t<div  data-lazy=\"1\" class=\"module_column sub_column col3-2 tb_ja7b369 last\">\n\t\t\t\t\t<!-- module text -->\n<div  class=\"module module-text tb_hvmi369  repeat \" data-lazy=\"1\">\n\t    <div  class=\"tb_text_wrap\">\n\t\t<h4>info@vyvoz-do-ciny.sk<\/h4>    <\/div>\n<\/div>\n<!-- \/module text -->\t\t<\/div>\n\t\t\t\t\t<\/div>\n\t\t\t\t<\/div>\n\t\t\t\t\t\t<\/div>\n\t\t<\/div>\n\t\t<\/div>\n<!--\/themify_builder_content-->","protected":false},"excerpt":{"rendered":"<p>Marktdurchdringung von europ\u00e4ischen Unternehmen in China Die slowakischen und tschechischen Unternehmer nehmen das Potenzial des chinesischen Marktes kaum wahr und falls sie es doch tun, wissen sie nicht wo sie anfangen sollten. Unser Unternehmen hilft die Barriere zwischen den slowakischen\/tschechischen Firmen und ihren asiatischen Gesch\u00e4ftspartnern zu beseitigen. Wir bieten unseren Kunden die gesamte Exportabwicklung von [&hellip;]<\/p>\n","protected":false},"author":2,"featured_media":0,"parent":0,"menu_order":0,"comment_status":"closed","ping_status":"closed","template":"","meta":{"footnotes":""},"builder_content":"<h1 style=\"text-align: center;\">Marktdurchdringung von europ\u00e4ischen Unternehmen in China<\/h1> <p style=\"text-align: center;\">Die slowakischen und tschechischen Unternehmer nehmen das Potenzial des chinesischen Marktes kaum wahr und falls sie es doch tun, wissen sie nicht wo sie anfangen sollten. Unser Unternehmen hilft die Barriere zwischen den slowakischen\/tschechischen Firmen und ihren asiatischen Gesch\u00e4ftspartnern zu beseitigen. Wir bieten unseren Kunden die gesamte Exportabwicklung von A bis Z an.<\/p>\n<p><strong>Falls Sie sich denken, \u201edass Sie zu klein sind, um sich auf dem chinesischen Markt zu behaupten\u201c!<\/strong><\/p> <p><strong>\u00a0<\/strong><\/p> <p style=\"text-align: center;\">Das stimmt vielleicht gar nicht!<\/p> <p>\u00a0<\/p> <p>Viele europ\u00e4ische Unternehmen, darunter auch die slowakischen und tschechischen machen h\u00e4ufig den Fehler China als einen Einheitsmarkt zu betrachten.<\/p> <p><br \/>Der Markteintritt von europ\u00e4ischen Unternehmen erfolgt normalerweise nicht in das gesamte Gebiet Chinas, sondern nur in einen Teilmarkt davon. Aufgrund der begrenzten europ\u00e4ischen Marktgr\u00f6\u00dfen und der daraus resultierenden Einschr\u00e4nkungen der Produktionskapazit\u00e4t und Produktionsvolumens, verstehen wir die Expansion nach China nicht so, dass jeder Chinese Ihre Produkte und Ihre Marke fl\u00e4chendeckend kennen lernen sollte. Solche Vorgehensweise k\u00f6nnen sich nur Globale Player wie Apple, Starbucks oder Volkswagen leisten.<\/p> <p><br \/>F\u00fcr die meisten Unternehmen unserer Region reicht es aus, nur einen oder nur einige wenige Abnehmer in China zu haben, um den Absatz der f\u00fcr China bestimmter Produktion sicherzustellen. Angesichts dieser Tatsache empfehlen wir, sich auf einen Teilmarkt in China zu konzentrieren. Der Fokus auf den Gesamtmarkt Chinas ist normalerweise mit hohen finanziellen und zeitlichen Kosten f\u00fcr die Unternehmen verbunden, welche am Ende nicht die gew\u00fcnschten Ergebnisse liefern.<br \/>Es m\u00fcssen Beziehungen zu etablierten Unternehmen aufgebaut werden, die ein langfristiges Interesse am Kauf Ihrer Produkte haben. Im Rahmen unserer Zusammenarbeit werden wir die potenziellen Gesch\u00e4ftspartner f\u00fcr Sie ausw\u00e4hlen, mit ihnen kommunizieren sowie die Gesch\u00e4ftsbedingungen mit ihnen f\u00fcr Sie aushandeln.<br \/>Der Beginn der Zusammenarbeit mit chinesischen Partnern und der Export des ersten Containers garantieren Ihnen noch keinen langfristigen Erfolg auf dem chinesischen Markt. In China sind die Beziehungen zwischen Handelspartnern ein Eckpfeiler f\u00fcr ein langfristiges und profitables Business. Die Gesch\u00e4ftsbeziehungen m\u00fcssen daher kontinuierlich gepflegt werden. Gerne \u00fcbernehmen wir f\u00fcr Sie die Pflege von Kunden- und Gesch\u00e4ftsbeziehungen.<\/p> <p><br \/>Die Gesch\u00e4ftst\u00e4tigkeit von Unternehmen wird von mehreren Faktoren beeinflusst. Es kann vorkommen, dass der chinesische Partner seine Kaufabsichten w\u00e4hrend der Zusammenarbeit trotz der guten Gesch\u00e4ftsbeziehungen \u00e4ndert. Schlussendlich kann sich jeder f\u00fcr einen Branchenwechsel entscheiden. Wenn sich herausstellt, dass die Zusammenarbeit mit einem chinesischen Partner aus welchem Grund auch immer nicht weiter fortgesetzt werden kann, so suchen wir einen neuen Gesch\u00e4ftspartner f\u00fcr Sie aus.<\/p> <p><br \/>Falls Ihre Produkte oder Marken f\u00fcr Endkunden bestimmt sind (wie Lebensmittel), so empfehlen wir, die jeweilige Marke und die jeweiligen Produkte in den chinesischen sozialen Netzwerken (insbesondere WeChat und Weibo) zu werben - damit wird sichergestellt, dass die potentiellen Kunden \u00fcber Sie und Ihre Produkte aufmerksam gemacht werden. Da Ihr chinesischer Abnehmer wahrscheinlich dutzende bis tausende von Produkten von verschiedenen Lieferanten kauft, \u00fcberl\u00e4sst er Werbung und andere Werbeaktivit\u00e4ten seinen einzelnen Lieferanten.<\/p> <p><br \/><strong>Geben Sie uns Informationen \u00fcber Ihre Produkte \/ Ihr Produktportfolio weiter und gerne vereinbaren wir mit Ihnen einen kostenlosen Telefon- \/ Videoanruf oder ein pers\u00f6nliches Treffen. Dabei k\u00f6nnen wir Ihre Exportkapazit\u00e4ten, Ihre Erwartungen an die Expansion nach China und die Auswahl Ihrer einzuf\u00fchrenden Produkte detailliert besprechen.<\/strong><\/p>\n<h2 style=\"text-align: center;\">\ud83d\udeab GESELLSCHAFTLICHE VERANTWORTUNG \ud83d\udeab<\/h2> <p style=\"text-align: center;\">Unser Unternehmen weigert sich, sich an Erbringung solcher Dienstleistungen zu beteiligen, welche die negative geo-politische Situation in den jeweiligen L\u00e4ndern zur illegalen Bereicherung ausnutzen<br \/>(COVID-19, Kriege, illegale T\u00e4tigkeit, usw.).<\/p>\n<img src=\"https:\/\/www.vyvoz-do-ciny.sk\/wp-content\/uploads\/2020\/04\/dovoz-rusok-cina-100x100.png\" width=\"100\" height=\"100\" title=\"dovoz-rusok-cina\" alt=\"dovoz-rusok-cina\" srcset=\"https:\/\/www.vyvoz-do-ciny.sk\/wp-content\/uploads\/2020\/04\/dovoz-rusok-cina-100x100.png 100w, https:\/\/www.vyvoz-do-ciny.sk\/wp-content\/uploads\/2020\/04\/dovoz-rusok-cina-300x300.png 300w, https:\/\/www.vyvoz-do-ciny.sk\/wp-content\/uploads\/2020\/04\/dovoz-rusok-cina-150x150.png 150w, https:\/\/www.vyvoz-do-ciny.sk\/wp-content\/uploads\/2020\/04\/dovoz-rusok-cina-50x50.png 50w, https:\/\/www.vyvoz-do-ciny.sk\/wp-content\/uploads\/2020\/04\/dovoz-rusok-cina.png 400w\" sizes=\"(max-width: 100px) 100vw, 100px\" \/>\n<img src=\"https:\/\/www.vyvoz-do-ciny.sk\/wp-content\/uploads\/2020\/04\/covid-19-import-cina-100x100.png\" width=\"100\" height=\"100\" title=\"covid-19-import-cina\" alt=\"covid-19-import-cina\" srcset=\"https:\/\/www.vyvoz-do-ciny.sk\/wp-content\/uploads\/2020\/04\/covid-19-import-cina-100x100.png 100w, https:\/\/www.vyvoz-do-ciny.sk\/wp-content\/uploads\/2020\/04\/covid-19-import-cina-300x300.png 300w, https:\/\/www.vyvoz-do-ciny.sk\/wp-content\/uploads\/2020\/04\/covid-19-import-cina-150x150.png 150w, https:\/\/www.vyvoz-do-ciny.sk\/wp-content\/uploads\/2020\/04\/covid-19-import-cina.png 400w\" sizes=\"(max-width: 100px) 100vw, 100px\" \/>\n<img src=\"https:\/\/www.vyvoz-do-ciny.sk\/wp-content\/uploads\/2020\/04\/dovol-liekov-cina-100x100.png\" width=\"100\" height=\"100\" title=\"dovol-liekov-cina\" alt=\"dovol-liekov-cina\" srcset=\"https:\/\/www.vyvoz-do-ciny.sk\/wp-content\/uploads\/2020\/04\/dovol-liekov-cina-100x100.png 100w, https:\/\/www.vyvoz-do-ciny.sk\/wp-content\/uploads\/2020\/04\/dovol-liekov-cina-300x300.png 300w, https:\/\/www.vyvoz-do-ciny.sk\/wp-content\/uploads\/2020\/04\/dovol-liekov-cina-150x150.png 150w, https:\/\/www.vyvoz-do-ciny.sk\/wp-content\/uploads\/2020\/04\/dovol-liekov-cina.png 400w\" sizes=\"(max-width: 100px) 100vw, 100px\" \/>\n<a href=\"https:\/\/www.linkedin.com\/in\/michaela-kralovicova-4b9024b0\"> <em><svg aria-hidden=\"true\"><use href=\"#tf-ti-linkedin\"><\/use><\/svg><\/em> <\/a>\n<h4 style=\"text-align: left;\"><a href=\"https:\/\/www.linkedin.com\/in\/michaela-kralovicova-4b9024b0\">Michaela Kr\u00e1lovi\u010dov\u00e1<\/a><\/h4>\n<em><svg aria-hidden=\"true\"><use href=\"#tf-ti-headphone-alt\"><\/use><\/svg><\/em>\n<h4 style=\"text-align: left;\"><a href=\"tel:00421948369124\">0948369124<\/a><\/h4>\n<em><svg aria-hidden=\"true\"><use href=\"#tf-ti-email\"><\/use><\/svg><\/em>\n<h4>info@vyvoz-do-ciny.sk<\/h4>","_links":{"self":[{"href":"https:\/\/www.vyvoz-do-ciny.sk\/de\/wp-json\/wp\/v2\/pages\/683"}],"collection":[{"href":"https:\/\/www.vyvoz-do-ciny.sk\/de\/wp-json\/wp\/v2\/pages"}],"about":[{"href":"https:\/\/www.vyvoz-do-ciny.sk\/de\/wp-json\/wp\/v2\/types\/page"}],"author":[{"embeddable":true,"href":"https:\/\/www.vyvoz-do-ciny.sk\/de\/wp-json\/wp\/v2\/users\/2"}],"replies":[{"embeddable":true,"href":"https:\/\/www.vyvoz-do-ciny.sk\/de\/wp-json\/wp\/v2\/comments?post=683"}],"version-history":[{"count":0,"href":"https:\/\/www.vyvoz-do-ciny.sk\/de\/wp-json\/wp\/v2\/pages\/683\/revisions"}],"wp:attachment":[{"href":"https:\/\/www.vyvoz-do-ciny.sk\/de\/wp-json\/wp\/v2\/media?parent=683"}],"curies":[{"name":"wp","href":"https:\/\/api.w.org\/{rel}","templated":true}]}}